
{"id":64,"date":"2012-02-14T09:35:31","date_gmt":"2012-02-14T09:35:31","guid":{"rendered":"http:\/\/knihovnice.knihovna.info\/?page_id=64"},"modified":"2020-06-04T12:28:37","modified_gmt":"2020-06-04T12:28:37","slug":"uvod","status":"publish","type":"page","link":"https:\/\/tranovice.knihovna.info\/","title":{"rendered":"\u00davod"},"content":{"rendered":"<p><strong>V\u00edtejte na webov\u00fdch str\u00e1nk\u00e1ch <\/strong><\/p>\n<p><strong>M\u00edstn\u00ed knihovny T\u0159anovice<\/strong><\/p>\n<p>Knihovna byla postavena spolu s t\u011blocvi\u010dnou jako dal\u0161\u00ed k\u0159\u00eddlo M\u00edstn\u00ed z\u00e1kladn\u00ed \u0161koly v roce 2002. M\u00e1 samostatn\u00fd vchod z lev\u00e9 strany od p\u0159\u00edjezdov\u00e9 cesty. P\u011b\u0161\u00ed ch\u016fz\u00ed od zast\u00e1vky T\u0159anovice &#8211; k\u0159i\u017eovatka je to cca 5 minut.\u00a0Mapa, kde n\u00e1s najdete je <a href=\"http:\/\/mapy.cz\/s\/by3R\">ZDE<\/a>.<\/p>\n\n\t\t<style type=\"text\/css\">\n\t\t\t#gallery-1 {\n\t\t\t\tmargin: auto;\n\t\t\t}\n\t\t\t#gallery-1 .gallery-item {\n\t\t\t\tfloat: left;\n\t\t\t\tmargin-top: 10px;\n\t\t\t\ttext-align: center;\n\t\t\t\twidth: 33%;\n\t\t\t}\n\t\t\t#gallery-1 img {\n\t\t\t\tborder: 2px solid #cfcfcf;\n\t\t\t}\n\t\t\t#gallery-1 .gallery-caption {\n\t\t\t\tmargin-left: 0;\n\t\t\t}\n\t\t\t\/* see gallery_shortcode() in wp-includes\/media.php *\/\n\t\t<\/style>\n\t\t<div id='gallery-1' class='gallery galleryid-64 gallery-columns-3 gallery-size-thumbnail'><dl class='gallery-item'>\n\t\t\t<dt class='gallery-icon landscape'>\n\t\t\t\t<a href='https:\/\/tranovice.knihovna.info\/wp-content\/uploads\/2016\/02\/P1010037.jpg'><img loading=\"lazy\" decoding=\"async\" width=\"150\" height=\"150\" src=\"https:\/\/tranovice.knihovna.info\/wp-content\/uploads\/2016\/02\/P1010037-150x150.jpg\" class=\"attachment-thumbnail size-thumbnail\" alt=\"\" \/><\/a>\n\t\t\t<\/dt><\/dl><dl class='gallery-item'>\n\t\t\t<dt class='gallery-icon landscape'>\n\t\t\t\t<a href='https:\/\/tranovice.knihovna.info\/wp-content\/uploads\/2016\/02\/P1200105.jpg'><img loading=\"lazy\" decoding=\"async\" width=\"150\" height=\"150\" src=\"https:\/\/tranovice.knihovna.info\/wp-content\/uploads\/2016\/02\/P1200105-150x150.jpg\" class=\"attachment-thumbnail size-thumbnail\" alt=\"\" \/><\/a>\n\t\t\t<\/dt><\/dl><dl class='gallery-item'>\n\t\t\t<dt class='gallery-icon landscape'>\n\t\t\t\t<a href='https:\/\/tranovice.knihovna.info\/wp-content\/uploads\/2012\/02\/1.jpg'><img loading=\"lazy\" decoding=\"async\" width=\"150\" height=\"150\" src=\"https:\/\/tranovice.knihovna.info\/wp-content\/uploads\/2012\/02\/1-150x150.jpg\" class=\"attachment-thumbnail size-thumbnail\" alt=\"\" \/><\/a>\n\t\t\t<\/dt><\/dl><br style=\"clear: both\" \/>\n\t\t<\/div>\n\n","protected":false},"excerpt":{"rendered":"<p>V\u00edtejte na webov\u00fdch str\u00e1nk\u00e1ch M\u00edstn\u00ed knihovny T\u0159anovice Knihovna byla postavena spolu s t\u011blocvi\u010dnou jako dal\u0161\u00ed k\u0159\u00eddlo M\u00edstn\u00ed z\u00e1kladn\u00ed \u0161koly v roce 2002. M\u00e1 samostatn\u00fd vchod z lev\u00e9 strany od p\u0159\u00edjezdov\u00e9 cesty. P\u011b\u0161\u00ed ch\u016fz\u00ed od zast\u00e1vky T\u0159anovice &#8211; k\u0159i\u017eovatka je to cca 5 minut.\u00a0Mapa, kde n\u00e1s najdete je ZDE.<\/p>\n","protected":false},"author":1,"featured_media":0,"parent":0,"menu_order":1,"comment_status":"closed","ping_status":"closed","template":"","meta":{"footnotes":""},"class_list":["post-64","page","type-page","status-publish","hentry"],"_links":{"self":[{"href":"https:\/\/tranovice.knihovna.info\/index.php?rest_route=\/wp\/v2\/pages\/64","targetHints":{"allow":["GET"]}}],"collection":[{"href":"https:\/\/tranovice.knihovna.info\/index.php?rest_route=\/wp\/v2\/pages"}],"about":[{"href":"https:\/\/tranovice.knihovna.info\/index.php?rest_route=\/wp\/v2\/types\/page"}],"author":[{"embeddable":true,"href":"https:\/\/tranovice.knihovna.info\/index.php?rest_route=\/wp\/v2\/users\/1"}],"replies":[{"embeddable":true,"href":"https:\/\/tranovice.knihovna.info\/index.php?rest_route=%2Fwp%2Fv2%2Fcomments&post=64"}],"version-history":[{"count":75,"href":"https:\/\/tranovice.knihovna.info\/index.php?rest_route=\/wp\/v2\/pages\/64\/revisions"}],"predecessor-version":[{"id":1858,"href":"https:\/\/tranovice.knihovna.info\/index.php?rest_route=\/wp\/v2\/pages\/64\/revisions\/1858"}],"wp:attachment":[{"href":"https:\/\/tranovice.knihovna.info\/index.php?rest_route=%2Fwp%2Fv2%2Fmedia&parent=64"}],"curies":[{"name":"wp","href":"https:\/\/api.w.org\/{rel}","templated":true}]}}