
{"id":4467,"date":"2026-01-26T09:16:22","date_gmt":"2026-01-26T09:16:22","guid":{"rendered":"https:\/\/tranovice.knihovna.info\/?page_id=4467"},"modified":"2026-01-26T11:25:33","modified_gmt":"2026-01-26T11:25:33","slug":"slunce","status":"publish","type":"page","link":"https:\/\/tranovice.knihovna.info\/?page_id=4467","title":{"rendered":"Slunce"},"content":{"rendered":"\n<p>s\u00eddlo: T\u0159anovice 250, 739 53<\/p>\n\n\n\n<p>I\u010cO: 66739993<\/p>\n\n\n\n<p>kontakt: lilieta44@gmail.com<\/p>\n\n\n\n<p>tel. 777 694 483<\/p>\n\n\n\n<p>Spolek Slunce je neziskov\u00e1 organizace, kter\u00e1 podporuje mimo\u0161koln\u00ed aktivity ml\u00e1de\u017ee ve v\u011bku od 3 &#8211; 18 let. Podporuje d\u011bti v hudebn\u00ed oblasti (sbore\u010dek, v\u00fduka hry na klav\u00edr, fl\u00e9tnu, kytaru), kreativn\u00ed oblasti (keramika pro d\u011bti), \u010dten\u00e1\u0159sk\u00e9 oblasti (\u010dten\u00e1\u0159sk\u00e1 sout\u011b\u017e, \u010dten\u00e1\u0159sk\u00fd klub, pr\u00e1zdninov\u00fd program pro d\u011bti v knihovn\u011b), sportovn\u00ed oblasti (florbal, pron\u00e1jem h\u0159i\u0161t\u011b), kulturn\u00ed oblasti (MAJFEST, P\u0159edehr\u00e1vky).<\/p>\n\n\n\n<div class=\"wp-block-file\"><a id=\"wp-block-file--media-668f418d-8959-4417-a7af-7be20d87a4b7\" href=\"https:\/\/tranovice.knihovna.info\/wp-content\/uploads\/2026\/01\/Vyrocni-zprava-2020.docx\">V\u00fdro\u010dn\u00ed zpr\u00e1va &#8211; 2020<\/a><a href=\"https:\/\/tranovice.knihovna.info\/wp-content\/uploads\/2026\/01\/Vyrocni-zprava-2020.docx\" class=\"wp-block-file__button wp-element-button\" download aria-describedby=\"wp-block-file--media-668f418d-8959-4417-a7af-7be20d87a4b7\">St\u00e1hnout<\/a><\/div>\n\n\n\n<div class=\"wp-block-file\"><a id=\"wp-block-file--media-0f8a5432-fa7a-4bd6-92c8-aafadd8c549d\" href=\"https:\/\/tranovice.knihovna.info\/wp-content\/uploads\/2026\/01\/Vyrocni-zprava-2021.docx\">V\u00fdro\u010dn\u00ed zpr\u00e1va &#8211; 2021<\/a><a href=\"https:\/\/tranovice.knihovna.info\/wp-content\/uploads\/2026\/01\/Vyrocni-zprava-2021.docx\" class=\"wp-block-file__button wp-element-button\" download aria-describedby=\"wp-block-file--media-0f8a5432-fa7a-4bd6-92c8-aafadd8c549d\">St\u00e1hnout<\/a><\/div>\n\n\n\n<div class=\"wp-block-file\"><a id=\"wp-block-file--media-d2eff7ae-a4bc-4473-85a4-00813eec6416\" href=\"https:\/\/tranovice.knihovna.info\/wp-content\/uploads\/2026\/01\/Vyrocni-zprava-2022.docx\">V\u00fdro\u010dn\u00ed zpr\u00e1va &#8211; 2022<\/a><a href=\"https:\/\/tranovice.knihovna.info\/wp-content\/uploads\/2026\/01\/Vyrocni-zprava-2022.docx\" class=\"wp-block-file__button wp-element-button\" download aria-describedby=\"wp-block-file--media-d2eff7ae-a4bc-4473-85a4-00813eec6416\">St\u00e1hnout<\/a><\/div>\n\n\n\n<div class=\"wp-block-file\"><a id=\"wp-block-file--media-8e20313a-dab2-4e93-8753-f981d4af722a\" href=\"https:\/\/tranovice.knihovna.info\/wp-content\/uploads\/2026\/01\/Vyrocni-zprava-2023.docx\">V\u00fdro\u010dn\u00ed zpr\u00e1va &#8211; 2023<\/a><a href=\"https:\/\/tranovice.knihovna.info\/wp-content\/uploads\/2026\/01\/Vyrocni-zprava-2023.docx\" class=\"wp-block-file__button wp-element-button\" download aria-describedby=\"wp-block-file--media-8e20313a-dab2-4e93-8753-f981d4af722a\">St\u00e1hnout<\/a><\/div>\n\n\n\n<div class=\"wp-block-file\"><a id=\"wp-block-file--media-b49af552-abed-4335-8f4f-46d1d9d3de63\" href=\"https:\/\/tranovice.knihovna.info\/wp-content\/uploads\/2026\/01\/Vyrocni-zprava-2024.docx\">V\u00fdro\u010dn\u00ed zpr\u00e1va &#8211; 2024<\/a><a href=\"https:\/\/tranovice.knihovna.info\/wp-content\/uploads\/2026\/01\/Vyrocni-zprava-2024.docx\" class=\"wp-block-file__button wp-element-button\" download aria-describedby=\"wp-block-file--media-b49af552-abed-4335-8f4f-46d1d9d3de63\">St\u00e1hnout<\/a><\/div>\n\n\n\n<div class=\"wp-block-file\"><a id=\"wp-block-file--media-e94c56f7-e4f1-47da-a62d-0a0da0d63859\" href=\"https:\/\/tranovice.knihovna.info\/wp-content\/uploads\/2026\/01\/Vyrocni-zprava-2025.docx\">V\u00fdro\u010dn\u00ed zpr\u00e1va &#8211; 2025<\/a><a href=\"https:\/\/tranovice.knihovna.info\/wp-content\/uploads\/2026\/01\/Vyrocni-zprava-2025.docx\" class=\"wp-block-file__button wp-element-button\" download aria-describedby=\"wp-block-file--media-e94c56f7-e4f1-47da-a62d-0a0da0d63859\">St\u00e1hnout<\/a><\/div>\n\n\n\n<div data-wp-interactive=\"core\/file\" class=\"wp-block-file\"><object data-wp-bind--hidden=\"!state.hasPdfPreview\" hidden class=\"wp-block-file__embed\" data=\"https:\/\/tranovice.knihovna.info\/wp-content\/uploads\/2026\/01\/Osvedceni-o-registraci.pdf\" type=\"application\/pdf\" style=\"width:100%;height:600px\" aria-label=\"Vlo\u017eit z Osv\u011bd\u010den\u00ed o registraci.\"><\/object><a id=\"wp-block-file--media-8afbd4d4-1c67-4298-80ca-d55233134f09\" href=\"https:\/\/tranovice.knihovna.info\/wp-content\/uploads\/2026\/01\/Osvedceni-o-registraci.pdf\">Osv\u011bd\u010den\u00ed o registraci<\/a><a href=\"https:\/\/tranovice.knihovna.info\/wp-content\/uploads\/2026\/01\/Osvedceni-o-registraci.pdf\" class=\"wp-block-file__button wp-element-button\" download aria-describedby=\"wp-block-file--media-8afbd4d4-1c67-4298-80ca-d55233134f09\">St\u00e1hnout<\/a><\/div>\n\n\n\n<div class=\"wp-block-file\"><a id=\"wp-block-file--media-69017009-6bdd-487b-9791-8af43be1cd82\" href=\"https:\/\/tranovice.knihovna.info\/wp-content\/uploads\/2026\/01\/Prideleni-ICO-1-scaled.jpg\">P\u0159id\u011blen\u00ed I\u010cO 1<\/a><a href=\"https:\/\/tranovice.knihovna.info\/wp-content\/uploads\/2026\/01\/Prideleni-ICO-1-scaled.jpg\" class=\"wp-block-file__button wp-element-button\" download aria-describedby=\"wp-block-file--media-69017009-6bdd-487b-9791-8af43be1cd82\">St\u00e1hnout<\/a><\/div>\n\n\n\n<div class=\"wp-block-file\"><a id=\"wp-block-file--media-6e1003df-695a-453e-a317-7b06a9b74470\" href=\"https:\/\/tranovice.knihovna.info\/wp-content\/uploads\/2026\/01\/Prideleni-ICO-2-scaled.jpg\">P\u0159id\u011blen\u00ed I\u010cO 2<\/a><a href=\"https:\/\/tranovice.knihovna.info\/wp-content\/uploads\/2026\/01\/Prideleni-ICO-2-scaled.jpg\" class=\"wp-block-file__button wp-element-button\" download aria-describedby=\"wp-block-file--media-6e1003df-695a-453e-a317-7b06a9b74470\">St\u00e1hnout<\/a><\/div>\n\n\n\n<div data-wp-interactive=\"core\/file\" class=\"wp-block-file\"><object data-wp-bind--hidden=\"!state.hasPdfPreview\" hidden class=\"wp-block-file__embed\" data=\"https:\/\/tranovice.knihovna.info\/wp-content\/uploads\/2026\/01\/Stanovy-upravene-nove.pdf\" type=\"application\/pdf\" style=\"width:100%;height:600px\" aria-label=\"Vlo\u017eit z Stanovy - upraven\u00e9 - nov\u00e9.\"><\/object><a id=\"wp-block-file--media-10a1d700-4bb5-4ccb-b091-2655ef3542e4\" href=\"https:\/\/tranovice.knihovna.info\/wp-content\/uploads\/2026\/01\/Stanovy-upravene-nove.pdf\">Stanovy &#8211; upraven\u00e9 &#8211; nov\u00e9<\/a><a href=\"https:\/\/tranovice.knihovna.info\/wp-content\/uploads\/2026\/01\/Stanovy-upravene-nove.pdf\" class=\"wp-block-file__button wp-element-button\" download aria-describedby=\"wp-block-file--media-10a1d700-4bb5-4ccb-b091-2655ef3542e4\">St\u00e1hnout<\/a><\/div>\n\n\n\n<p>Na\u0161i sponzo\u0159i: <\/p>\n\n\n\n<figure class=\"wp-block-image size-full is-resized\"><a href=\"http:\/\/tranovice.knihovna.info\/wp-content\/uploads\/2026\/01\/Hyundai-logo-5.jpg\"><img loading=\"lazy\" decoding=\"async\" width=\"100\" height=\"27\" src=\"http:\/\/tranovice.knihovna.info\/wp-content\/uploads\/2026\/01\/Hyundai-logo-5.jpg\" alt=\"\" class=\"wp-image-4538\" style=\"aspect-ratio:3.7045908183632736;width:138px;height:auto\"\/><\/a><\/figure>\n\n\n\n<p>Spole\u010dnost Hyundai p\u0159isp\u011bla na Majfest, P\u0159edehr\u00e1vky, Pr\u00e1zdninov\u00e9 programy pro d\u011bti v knihovn\u011b.<\/p>\n\n\n\n<figure class=\"wp-block-image size-full is-resized\"><a href=\"http:\/\/tranovice.knihovna.info\/wp-content\/uploads\/2026\/01\/RWE_Logo_2018.svg_-3.jpg\"><img loading=\"lazy\" decoding=\"async\" width=\"100\" height=\"28\" src=\"http:\/\/tranovice.knihovna.info\/wp-content\/uploads\/2026\/01\/RWE_Logo_2018.svg_-3.jpg\" alt=\"\" class=\"wp-image-4540\" style=\"width:93px;height:auto\"\/><\/a><\/figure>\n\n\n\n<p>Spole\u010dnost RWE p\u0159isp\u011bla na tematick\u00e9 kuf\u0159\u00edky v knihovn\u011b, na n\u00e1kup hudebn\u00edch n\u00e1stroj\u016f, na roz\u0161\u00ed\u0159en\u00ed balk\u00f3nu v knihovn\u011b, na n\u00e1kup pece na vypalov\u00e1n\u00ed hl\u00edny.<\/p>\n\n\n\n<figure class=\"wp-block-image size-full\"><a href=\"http:\/\/tranovice.knihovna.info\/wp-content\/uploads\/2026\/01\/Tranovice-Znak-4.jpg\"><img loading=\"lazy\" decoding=\"async\" width=\"80\" height=\"100\" src=\"http:\/\/tranovice.knihovna.info\/wp-content\/uploads\/2026\/01\/Tranovice-Znak-4.jpg\" alt=\"\" class=\"wp-image-4534\"\/><\/a><\/figure>\n\n\n\n<p>Obec T\u0159anovice p\u0159isp\u00edv\u00e1 na kon\u00e1n\u00ed florbalov\u00e9ho turnaje, na P\u0159edehr\u00e1vky, na \u010dten\u00e1\u0159skou sout\u011b\u017e a dal\u0161\u00ed akce.<\/p>\n","protected":false},"excerpt":{"rendered":"<p>s\u00eddlo: T\u0159anovice 250, 739 53 I\u010cO: 66739993 kontakt: lilieta44@gmail.com tel. 777 694 483 Spolek Slunce je neziskov\u00e1 organizace, kter\u00e1 podporuje mimo\u0161koln\u00ed aktivity ml\u00e1de\u017ee ve v\u011bku od 3 &#8211; 18 let. Podporuje d\u011bti v hudebn\u00ed oblasti (sbore\u010dek, v\u00fduka hry na klav\u00edr, fl\u00e9tnu, kytaru), kreativn\u00ed oblasti (keramika pro d\u011bti), \u010dten\u00e1\u0159sk\u00e9 oblasti (\u010dten\u00e1\u0159sk\u00e1 sout\u011b\u017e, \u010dten\u00e1\u0159sk\u00fd klub, pr\u00e1zdninov\u00fd program [&hellip;]<\/p>\n","protected":false},"author":1,"featured_media":0,"parent":0,"menu_order":0,"comment_status":"closed","ping_status":"closed","template":"","meta":{"footnotes":""},"class_list":["post-4467","page","type-page","status-publish","hentry"],"_links":{"self":[{"href":"https:\/\/tranovice.knihovna.info\/index.php?rest_route=\/wp\/v2\/pages\/4467","targetHints":{"allow":["GET"]}}],"collection":[{"href":"https:\/\/tranovice.knihovna.info\/index.php?rest_route=\/wp\/v2\/pages"}],"about":[{"href":"https:\/\/tranovice.knihovna.info\/index.php?rest_route=\/wp\/v2\/types\/page"}],"author":[{"embeddable":true,"href":"https:\/\/tranovice.knihovna.info\/index.php?rest_route=\/wp\/v2\/users\/1"}],"replies":[{"embeddable":true,"href":"https:\/\/tranovice.knihovna.info\/index.php?rest_route=%2Fwp%2Fv2%2Fcomments&post=4467"}],"version-history":[{"count":15,"href":"https:\/\/tranovice.knihovna.info\/index.php?rest_route=\/wp\/v2\/pages\/4467\/revisions"}],"predecessor-version":[{"id":4562,"href":"https:\/\/tranovice.knihovna.info\/index.php?rest_route=\/wp\/v2\/pages\/4467\/revisions\/4562"}],"wp:attachment":[{"href":"https:\/\/tranovice.knihovna.info\/index.php?rest_route=%2Fwp%2Fv2%2Fmedia&parent=4467"}],"curies":[{"name":"wp","href":"https:\/\/api.w.org\/{rel}","templated":true}]}}