
{"id":3706,"date":"2024-07-29T08:55:00","date_gmt":"2024-07-29T08:55:00","guid":{"rendered":"https:\/\/tranovice.knihovna.info\/?page_id=3706"},"modified":"2024-07-29T09:07:27","modified_gmt":"2024-07-29T09:07:27","slug":"ekologicke-leto-2024","status":"publish","type":"page","link":"https:\/\/tranovice.knihovna.info\/?page_id=3706","title":{"rendered":"Ekologick\u00e9 l\u00e9to 2024"},"content":{"rendered":"\n<p>Od  pond\u011bl\u00ed 15. 7. 2024 do p\u00e1tku 19. 7. 2024 se sch\u00e1zely d\u011bti v M\u00edstn\u00ed knihovn\u011b v T\u0159anovic\u00edch. Ka\u017ed\u00fd den se nach\u00e1zely v jin\u00e9 \u0159\u00ed\u0161i (rostlin, hmyzu, pt\u00e1k\u016f, lid\u00ed a zv\u00ed\u0159at), plnily \u00fakoly, sout\u011b\u017eily, tvo\u0159ily, poslouchaly \u010dten\u00ed p\u0159\u00edb\u011bh\u016f a \u00fa\u010dastnily se aktivit na h\u0159i\u0161ti i v knihovn\u011b. V p\u00e1tek byl vyhl\u00e1\u0161en nejlep\u0161\u00ed ekolog a d\u011bti si odnesly dom\u016f spoustu vlastn\u00edch v\u00fdrobk\u016f i zaslou\u017een\u00e9 odm\u011bny. <\/p>\n\n\n\n<figure class=\"wp-block-gallery has-nested-images columns-default is-cropped wp-block-gallery-1 is-layout-flex wp-block-gallery-is-layout-flex\">\n<figure class=\"wp-block-image size-full\"><a href=\"https:\/\/tranovice.knihovna.info\/wp-content\/uploads\/2024\/07\/20240715_101117.jpg\"><img loading=\"lazy\" decoding=\"async\" width=\"400\" height=\"225\" data-id=\"3719\" src=\"https:\/\/tranovice.knihovna.info\/wp-content\/uploads\/2024\/07\/20240715_101117.jpg\" alt=\"\" class=\"wp-image-3719\" srcset=\"https:\/\/tranovice.knihovna.info\/wp-content\/uploads\/2024\/07\/20240715_101117.jpg 400w, https:\/\/tranovice.knihovna.info\/wp-content\/uploads\/2024\/07\/20240715_101117-300x169.jpg 300w\" sizes=\"auto, (max-width: 400px) 100vw, 400px\" \/><\/a><\/figure>\n\n\n\n<figure class=\"wp-block-image size-full\"><a href=\"https:\/\/tranovice.knihovna.info\/wp-content\/uploads\/2024\/07\/20240715_101833.jpg\"><img loading=\"lazy\" decoding=\"async\" width=\"400\" height=\"225\" data-id=\"3720\" src=\"https:\/\/tranovice.knihovna.info\/wp-content\/uploads\/2024\/07\/20240715_101833.jpg\" alt=\"\" class=\"wp-image-3720\" srcset=\"https:\/\/tranovice.knihovna.info\/wp-content\/uploads\/2024\/07\/20240715_101833.jpg 400w, https:\/\/tranovice.knihovna.info\/wp-content\/uploads\/2024\/07\/20240715_101833-300x169.jpg 300w\" sizes=\"auto, (max-width: 400px) 100vw, 400px\" \/><\/a><\/figure>\n\n\n\n<figure class=\"wp-block-image size-full\"><a href=\"https:\/\/tranovice.knihovna.info\/wp-content\/uploads\/2024\/07\/20240716_093106-\u2013-kopie-.jpg\"><img loading=\"lazy\" decoding=\"async\" width=\"225\" height=\"400\" data-id=\"3718\" src=\"https:\/\/tranovice.knihovna.info\/wp-content\/uploads\/2024\/07\/20240716_093106-\u2013-kopie-.jpg\" alt=\"\" class=\"wp-image-3718\" srcset=\"https:\/\/tranovice.knihovna.info\/wp-content\/uploads\/2024\/07\/20240716_093106-\u2013-kopie-.jpg 225w, https:\/\/tranovice.knihovna.info\/wp-content\/uploads\/2024\/07\/20240716_093106-\u2013-kopie--169x300.jpg 169w\" sizes=\"auto, (max-width: 225px) 100vw, 225px\" \/><\/a><\/figure>\n\n\n\n<figure class=\"wp-block-image size-full\"><a href=\"https:\/\/tranovice.knihovna.info\/wp-content\/uploads\/2024\/07\/20240716_094947.jpg\"><img loading=\"lazy\" decoding=\"async\" width=\"225\" height=\"400\" data-id=\"3721\" src=\"https:\/\/tranovice.knihovna.info\/wp-content\/uploads\/2024\/07\/20240716_094947.jpg\" alt=\"\" class=\"wp-image-3721\" srcset=\"https:\/\/tranovice.knihovna.info\/wp-content\/uploads\/2024\/07\/20240716_094947.jpg 225w, https:\/\/tranovice.knihovna.info\/wp-content\/uploads\/2024\/07\/20240716_094947-169x300.jpg 169w\" sizes=\"auto, (max-width: 225px) 100vw, 225px\" \/><\/a><\/figure>\n\n\n\n<figure class=\"wp-block-image size-full\"><a href=\"https:\/\/tranovice.knihovna.info\/wp-content\/uploads\/2024\/07\/20240716_101143.jpg\"><img loading=\"lazy\" decoding=\"async\" width=\"225\" height=\"400\" data-id=\"3722\" src=\"https:\/\/tranovice.knihovna.info\/wp-content\/uploads\/2024\/07\/20240716_101143.jpg\" alt=\"\" class=\"wp-image-3722\" srcset=\"https:\/\/tranovice.knihovna.info\/wp-content\/uploads\/2024\/07\/20240716_101143.jpg 225w, https:\/\/tranovice.knihovna.info\/wp-content\/uploads\/2024\/07\/20240716_101143-169x300.jpg 169w\" sizes=\"auto, (max-width: 225px) 100vw, 225px\" \/><\/a><\/figure>\n\n\n\n<figure class=\"wp-block-image size-full\"><a href=\"https:\/\/tranovice.knihovna.info\/wp-content\/uploads\/2024\/07\/20240716_103001.jpg\"><img loading=\"lazy\" decoding=\"async\" width=\"225\" height=\"400\" data-id=\"3724\" src=\"https:\/\/tranovice.knihovna.info\/wp-content\/uploads\/2024\/07\/20240716_103001.jpg\" alt=\"\" class=\"wp-image-3724\" srcset=\"https:\/\/tranovice.knihovna.info\/wp-content\/uploads\/2024\/07\/20240716_103001.jpg 225w, https:\/\/tranovice.knihovna.info\/wp-content\/uploads\/2024\/07\/20240716_103001-169x300.jpg 169w\" sizes=\"auto, (max-width: 225px) 100vw, 225px\" \/><\/a><\/figure>\n\n\n\n<figure class=\"wp-block-image size-full\"><a href=\"https:\/\/tranovice.knihovna.info\/wp-content\/uploads\/2024\/07\/20240716_105337.jpg\"><img loading=\"lazy\" decoding=\"async\" width=\"400\" height=\"225\" data-id=\"3723\" src=\"https:\/\/tranovice.knihovna.info\/wp-content\/uploads\/2024\/07\/20240716_105337.jpg\" alt=\"\" class=\"wp-image-3723\" srcset=\"https:\/\/tranovice.knihovna.info\/wp-content\/uploads\/2024\/07\/20240716_105337.jpg 400w, https:\/\/tranovice.knihovna.info\/wp-content\/uploads\/2024\/07\/20240716_105337-300x169.jpg 300w\" sizes=\"auto, (max-width: 400px) 100vw, 400px\" \/><\/a><\/figure>\n\n\n\n<figure class=\"wp-block-image size-full\"><a href=\"https:\/\/tranovice.knihovna.info\/wp-content\/uploads\/2024\/07\/20240716_105408.jpg\"><img loading=\"lazy\" decoding=\"async\" width=\"400\" height=\"225\" data-id=\"3725\" src=\"https:\/\/tranovice.knihovna.info\/wp-content\/uploads\/2024\/07\/20240716_105408.jpg\" alt=\"\" class=\"wp-image-3725\" srcset=\"https:\/\/tranovice.knihovna.info\/wp-content\/uploads\/2024\/07\/20240716_105408.jpg 400w, https:\/\/tranovice.knihovna.info\/wp-content\/uploads\/2024\/07\/20240716_105408-300x169.jpg 300w\" sizes=\"auto, (max-width: 400px) 100vw, 400px\" \/><\/a><\/figure>\n\n\n\n<figure class=\"wp-block-image size-full\"><a href=\"https:\/\/tranovice.knihovna.info\/wp-content\/uploads\/2024\/07\/20240717_093622.jpg\"><img loading=\"lazy\" decoding=\"async\" width=\"225\" height=\"400\" data-id=\"3726\" src=\"https:\/\/tranovice.knihovna.info\/wp-content\/uploads\/2024\/07\/20240717_093622.jpg\" alt=\"\" class=\"wp-image-3726\" srcset=\"https:\/\/tranovice.knihovna.info\/wp-content\/uploads\/2024\/07\/20240717_093622.jpg 225w, https:\/\/tranovice.knihovna.info\/wp-content\/uploads\/2024\/07\/20240717_093622-169x300.jpg 169w\" sizes=\"auto, (max-width: 225px) 100vw, 225px\" \/><\/a><\/figure>\n\n\n\n<figure class=\"wp-block-image size-full\"><a href=\"https:\/\/tranovice.knihovna.info\/wp-content\/uploads\/2024\/07\/20240717_100531.jpg\"><img loading=\"lazy\" decoding=\"async\" width=\"400\" height=\"225\" data-id=\"3727\" src=\"https:\/\/tranovice.knihovna.info\/wp-content\/uploads\/2024\/07\/20240717_100531.jpg\" alt=\"\" class=\"wp-image-3727\" srcset=\"https:\/\/tranovice.knihovna.info\/wp-content\/uploads\/2024\/07\/20240717_100531.jpg 400w, https:\/\/tranovice.knihovna.info\/wp-content\/uploads\/2024\/07\/20240717_100531-300x169.jpg 300w\" sizes=\"auto, (max-width: 400px) 100vw, 400px\" \/><\/a><\/figure>\n\n\n\n<figure class=\"wp-block-image size-full\"><a href=\"https:\/\/tranovice.knihovna.info\/wp-content\/uploads\/2024\/07\/20240717_101648.jpg\"><img loading=\"lazy\" decoding=\"async\" width=\"400\" height=\"225\" data-id=\"3728\" src=\"https:\/\/tranovice.knihovna.info\/wp-content\/uploads\/2024\/07\/20240717_101648.jpg\" alt=\"\" class=\"wp-image-3728\" srcset=\"https:\/\/tranovice.knihovna.info\/wp-content\/uploads\/2024\/07\/20240717_101648.jpg 400w, https:\/\/tranovice.knihovna.info\/wp-content\/uploads\/2024\/07\/20240717_101648-300x169.jpg 300w\" sizes=\"auto, (max-width: 400px) 100vw, 400px\" \/><\/a><\/figure>\n\n\n\n\n\n<figure class=\"wp-block-image size-full\"><a href=\"https:\/\/tranovice.knihovna.info\/wp-content\/uploads\/2024\/07\/20240717_104815.jpg\"><img loading=\"lazy\" decoding=\"async\" width=\"400\" height=\"225\" data-id=\"3729\" src=\"https:\/\/tranovice.knihovna.info\/wp-content\/uploads\/2024\/07\/20240717_104815.jpg\" alt=\"\" class=\"wp-image-3729\" srcset=\"https:\/\/tranovice.knihovna.info\/wp-content\/uploads\/2024\/07\/20240717_104815.jpg 400w, https:\/\/tranovice.knihovna.info\/wp-content\/uploads\/2024\/07\/20240717_104815-300x169.jpg 300w\" sizes=\"auto, (max-width: 400px) 100vw, 400px\" \/><\/a><\/figure>\n\n\n\n<figure class=\"wp-block-image size-full\"><a href=\"https:\/\/tranovice.knihovna.info\/wp-content\/uploads\/2024\/07\/20240718_083342.jpg\"><img loading=\"lazy\" decoding=\"async\" width=\"400\" height=\"225\" data-id=\"3730\" src=\"https:\/\/tranovice.knihovna.info\/wp-content\/uploads\/2024\/07\/20240718_083342.jpg\" alt=\"\" class=\"wp-image-3730\" srcset=\"https:\/\/tranovice.knihovna.info\/wp-content\/uploads\/2024\/07\/20240718_083342.jpg 400w, https:\/\/tranovice.knihovna.info\/wp-content\/uploads\/2024\/07\/20240718_083342-300x169.jpg 300w\" sizes=\"auto, (max-width: 400px) 100vw, 400px\" \/><\/a><\/figure>\n\n\n\n<figure class=\"wp-block-image size-full\"><a href=\"https:\/\/tranovice.knihovna.info\/wp-content\/uploads\/2024\/07\/20240718_093923.jpg\"><img loading=\"lazy\" decoding=\"async\" width=\"400\" height=\"225\" data-id=\"3731\" src=\"https:\/\/tranovice.knihovna.info\/wp-content\/uploads\/2024\/07\/20240718_093923.jpg\" alt=\"\" class=\"wp-image-3731\" srcset=\"https:\/\/tranovice.knihovna.info\/wp-content\/uploads\/2024\/07\/20240718_093923.jpg 400w, https:\/\/tranovice.knihovna.info\/wp-content\/uploads\/2024\/07\/20240718_093923-300x169.jpg 300w\" sizes=\"auto, (max-width: 400px) 100vw, 400px\" \/><\/a><\/figure>\n\n\n\n<figure class=\"wp-block-image size-full\"><a href=\"https:\/\/tranovice.knihovna.info\/wp-content\/uploads\/2024\/07\/20240718_100732.jpg\"><img loading=\"lazy\" decoding=\"async\" width=\"225\" height=\"400\" data-id=\"3732\" src=\"https:\/\/tranovice.knihovna.info\/wp-content\/uploads\/2024\/07\/20240718_100732.jpg\" alt=\"\" class=\"wp-image-3732\" srcset=\"https:\/\/tranovice.knihovna.info\/wp-content\/uploads\/2024\/07\/20240718_100732.jpg 225w, https:\/\/tranovice.knihovna.info\/wp-content\/uploads\/2024\/07\/20240718_100732-169x300.jpg 169w\" sizes=\"auto, (max-width: 225px) 100vw, 225px\" \/><\/a><\/figure>\n\n\n\n<figure class=\"wp-block-image size-full\"><a href=\"https:\/\/tranovice.knihovna.info\/wp-content\/uploads\/2024\/07\/20240718_100755.jpg\"><img loading=\"lazy\" decoding=\"async\" width=\"225\" height=\"400\" data-id=\"3733\" src=\"https:\/\/tranovice.knihovna.info\/wp-content\/uploads\/2024\/07\/20240718_100755.jpg\" alt=\"\" class=\"wp-image-3733\" srcset=\"https:\/\/tranovice.knihovna.info\/wp-content\/uploads\/2024\/07\/20240718_100755.jpg 225w, https:\/\/tranovice.knihovna.info\/wp-content\/uploads\/2024\/07\/20240718_100755-169x300.jpg 169w\" sizes=\"auto, (max-width: 225px) 100vw, 225px\" \/><\/a><\/figure>\n\n\n\n<figure class=\"wp-block-image size-full\"><a href=\"https:\/\/tranovice.knihovna.info\/wp-content\/uploads\/2024\/07\/20240718_100955.jpg\"><img loading=\"lazy\" decoding=\"async\" width=\"400\" height=\"225\" data-id=\"3734\" src=\"https:\/\/tranovice.knihovna.info\/wp-content\/uploads\/2024\/07\/20240718_100955.jpg\" alt=\"\" class=\"wp-image-3734\" srcset=\"https:\/\/tranovice.knihovna.info\/wp-content\/uploads\/2024\/07\/20240718_100955.jpg 400w, https:\/\/tranovice.knihovna.info\/wp-content\/uploads\/2024\/07\/20240718_100955-300x169.jpg 300w\" sizes=\"auto, (max-width: 400px) 100vw, 400px\" \/><\/a><\/figure>\n\n\n\n<figure class=\"wp-block-image size-full\"><a href=\"https:\/\/tranovice.knihovna.info\/wp-content\/uploads\/2024\/07\/20240719_104236.jpg\"><img loading=\"lazy\" decoding=\"async\" width=\"400\" height=\"225\" data-id=\"3736\" src=\"https:\/\/tranovice.knihovna.info\/wp-content\/uploads\/2024\/07\/20240719_104236.jpg\" alt=\"\" class=\"wp-image-3736\" srcset=\"https:\/\/tranovice.knihovna.info\/wp-content\/uploads\/2024\/07\/20240719_104236.jpg 400w, https:\/\/tranovice.knihovna.info\/wp-content\/uploads\/2024\/07\/20240719_104236-300x169.jpg 300w\" sizes=\"auto, (max-width: 400px) 100vw, 400px\" \/><\/a><\/figure>\n\n\n\n<figure class=\"wp-block-image size-full\"><a href=\"https:\/\/tranovice.knihovna.info\/wp-content\/uploads\/2024\/07\/20240719_104246.jpg\"><img loading=\"lazy\" decoding=\"async\" width=\"400\" height=\"225\" data-id=\"3735\" src=\"https:\/\/tranovice.knihovna.info\/wp-content\/uploads\/2024\/07\/20240719_104246.jpg\" alt=\"\" class=\"wp-image-3735\" srcset=\"https:\/\/tranovice.knihovna.info\/wp-content\/uploads\/2024\/07\/20240719_104246.jpg 400w, https:\/\/tranovice.knihovna.info\/wp-content\/uploads\/2024\/07\/20240719_104246-300x169.jpg 300w\" sizes=\"auto, (max-width: 400px) 100vw, 400px\" \/><\/a><\/figure>\n\n\n\n<figure class=\"wp-block-image size-full\"><a href=\"https:\/\/tranovice.knihovna.info\/wp-content\/uploads\/2024\/07\/20240719_105052.jpg\"><img loading=\"lazy\" decoding=\"async\" width=\"225\" height=\"400\" data-id=\"3737\" src=\"https:\/\/tranovice.knihovna.info\/wp-content\/uploads\/2024\/07\/20240719_105052.jpg\" alt=\"\" class=\"wp-image-3737\" srcset=\"https:\/\/tranovice.knihovna.info\/wp-content\/uploads\/2024\/07\/20240719_105052.jpg 225w, https:\/\/tranovice.knihovna.info\/wp-content\/uploads\/2024\/07\/20240719_105052-169x300.jpg 169w\" sizes=\"auto, (max-width: 225px) 100vw, 225px\" \/><\/a><\/figure>\n\n\n\n<figure class=\"wp-block-image size-full\"><a href=\"https:\/\/tranovice.knihovna.info\/wp-content\/uploads\/2024\/07\/20240719_113313.jpg\"><img loading=\"lazy\" decoding=\"async\" width=\"400\" height=\"225\" data-id=\"3738\" src=\"https:\/\/tranovice.knihovna.info\/wp-content\/uploads\/2024\/07\/20240719_113313.jpg\" alt=\"\" class=\"wp-image-3738\" srcset=\"https:\/\/tranovice.knihovna.info\/wp-content\/uploads\/2024\/07\/20240719_113313.jpg 400w, https:\/\/tranovice.knihovna.info\/wp-content\/uploads\/2024\/07\/20240719_113313-300x169.jpg 300w\" sizes=\"auto, (max-width: 400px) 100vw, 400px\" \/><\/a><\/figure>\n\n\n\n<figure class=\"wp-block-image size-full\"><a href=\"https:\/\/tranovice.knihovna.info\/wp-content\/uploads\/2024\/07\/20240719_113325.jpg\"><img loading=\"lazy\" decoding=\"async\" width=\"400\" height=\"225\" data-id=\"3739\" src=\"https:\/\/tranovice.knihovna.info\/wp-content\/uploads\/2024\/07\/20240719_113325.jpg\" alt=\"\" class=\"wp-image-3739\" srcset=\"https:\/\/tranovice.knihovna.info\/wp-content\/uploads\/2024\/07\/20240719_113325.jpg 400w, https:\/\/tranovice.knihovna.info\/wp-content\/uploads\/2024\/07\/20240719_113325-300x169.jpg 300w\" sizes=\"auto, (max-width: 400px) 100vw, 400px\" \/><\/a><\/figure>\n<\/figure>\n\n\n\n<figure class=\"wp-block-gallery has-nested-images columns-default is-cropped wp-block-gallery-2 is-layout-flex wp-block-gallery-is-layout-flex\">\n<figure class=\"wp-block-image size-large\"><a href=\"https:\/\/tranovice.knihovna.info\/wp-content\/uploads\/2024\/07\/20240715_090308.jpg\"><img loading=\"lazy\" decoding=\"async\" width=\"225\" height=\"400\" data-id=\"3713\" src=\"https:\/\/tranovice.knihovna.info\/wp-content\/uploads\/2024\/07\/20240715_090308.jpg\" alt=\"\" class=\"wp-image-3713\" srcset=\"https:\/\/tranovice.knihovna.info\/wp-content\/uploads\/2024\/07\/20240715_090308.jpg 225w, https:\/\/tranovice.knihovna.info\/wp-content\/uploads\/2024\/07\/20240715_090308-169x300.jpg 169w\" sizes=\"auto, (max-width: 225px) 100vw, 225px\" \/><\/a><\/figure>\n\n\n\n<figure class=\"wp-block-image size-large\"><a href=\"https:\/\/tranovice.knihovna.info\/wp-content\/uploads\/2024\/07\/20240715_090402.jpg\"><img loading=\"lazy\" decoding=\"async\" width=\"400\" height=\"225\" data-id=\"3714\" src=\"https:\/\/tranovice.knihovna.info\/wp-content\/uploads\/2024\/07\/20240715_090402.jpg\" alt=\"\" class=\"wp-image-3714\" srcset=\"https:\/\/tranovice.knihovna.info\/wp-content\/uploads\/2024\/07\/20240715_090402.jpg 400w, https:\/\/tranovice.knihovna.info\/wp-content\/uploads\/2024\/07\/20240715_090402-300x169.jpg 300w\" sizes=\"auto, (max-width: 400px) 100vw, 400px\" \/><\/a><\/figure>\n\n\n\n<figure class=\"wp-block-image size-large\"><a href=\"https:\/\/tranovice.knihovna.info\/wp-content\/uploads\/2024\/07\/20240715_092121.jpg\"><img loading=\"lazy\" decoding=\"async\" width=\"400\" height=\"225\" data-id=\"3712\" src=\"https:\/\/tranovice.knihovna.info\/wp-content\/uploads\/2024\/07\/20240715_092121.jpg\" alt=\"\" class=\"wp-image-3712\" srcset=\"https:\/\/tranovice.knihovna.info\/wp-content\/uploads\/2024\/07\/20240715_092121.jpg 400w, https:\/\/tranovice.knihovna.info\/wp-content\/uploads\/2024\/07\/20240715_092121-300x169.jpg 300w\" sizes=\"auto, (max-width: 400px) 100vw, 400px\" \/><\/a><\/figure>\n\n\n\n<figure class=\"wp-block-image size-large\"><a href=\"https:\/\/tranovice.knihovna.info\/wp-content\/uploads\/2024\/07\/20240715_095130.jpg\"><img loading=\"lazy\" decoding=\"async\" width=\"400\" height=\"225\" data-id=\"3715\" src=\"https:\/\/tranovice.knihovna.info\/wp-content\/uploads\/2024\/07\/20240715_095130.jpg\" alt=\"\" class=\"wp-image-3715\" srcset=\"https:\/\/tranovice.knihovna.info\/wp-content\/uploads\/2024\/07\/20240715_095130.jpg 400w, https:\/\/tranovice.knihovna.info\/wp-content\/uploads\/2024\/07\/20240715_095130-300x169.jpg 300w\" sizes=\"auto, (max-width: 400px) 100vw, 400px\" \/><\/a><\/figure>\n<\/figure>\n","protected":false},"excerpt":{"rendered":"<p>Od pond\u011bl\u00ed 15. 7. 2024 do p\u00e1tku 19. 7. 2024 se sch\u00e1zely d\u011bti v M\u00edstn\u00ed knihovn\u011b v T\u0159anovic\u00edch. Ka\u017ed\u00fd den se nach\u00e1zely v jin\u00e9 \u0159\u00ed\u0161i (rostlin, hmyzu, pt\u00e1k\u016f, lid\u00ed a zv\u00ed\u0159at), plnily \u00fakoly, sout\u011b\u017eily, tvo\u0159ily, poslouchaly \u010dten\u00ed p\u0159\u00edb\u011bh\u016f a \u00fa\u010dastnily se aktivit na h\u0159i\u0161ti i v knihovn\u011b. V p\u00e1tek byl vyhl\u00e1\u0161en nejlep\u0161\u00ed ekolog a d\u011bti [&hellip;]<\/p>\n","protected":false},"author":1,"featured_media":0,"parent":0,"menu_order":0,"comment_status":"closed","ping_status":"closed","template":"","meta":{"footnotes":""},"class_list":["post-3706","page","type-page","status-publish","hentry"],"_links":{"self":[{"href":"https:\/\/tranovice.knihovna.info\/index.php?rest_route=\/wp\/v2\/pages\/3706","targetHints":{"allow":["GET"]}}],"collection":[{"href":"https:\/\/tranovice.knihovna.info\/index.php?rest_route=\/wp\/v2\/pages"}],"about":[{"href":"https:\/\/tranovice.knihovna.info\/index.php?rest_route=\/wp\/v2\/types\/page"}],"author":[{"embeddable":true,"href":"https:\/\/tranovice.knihovna.info\/index.php?rest_route=\/wp\/v2\/users\/1"}],"replies":[{"embeddable":true,"href":"https:\/\/tranovice.knihovna.info\/index.php?rest_route=%2Fwp%2Fv2%2Fcomments&post=3706"}],"version-history":[{"count":4,"href":"https:\/\/tranovice.knihovna.info\/index.php?rest_route=\/wp\/v2\/pages\/3706\/revisions"}],"predecessor-version":[{"id":3740,"href":"https:\/\/tranovice.knihovna.info\/index.php?rest_route=\/wp\/v2\/pages\/3706\/revisions\/3740"}],"wp:attachment":[{"href":"https:\/\/tranovice.knihovna.info\/index.php?rest_route=%2Fwp%2Fv2%2Fmedia&parent=3706"}],"curies":[{"name":"wp","href":"https:\/\/api.w.org\/{rel}","templated":true}]}}