
{"id":37,"date":"2012-01-10T21:28:56","date_gmt":"2012-01-10T21:28:56","guid":{"rendered":"http:\/\/tranovice.knihovna.info\/?page_id=37"},"modified":"2018-08-16T10:58:51","modified_gmt":"2018-08-16T10:58:51","slug":"mapa-stranek","status":"publish","type":"page","link":"https:\/\/tranovice.knihovna.info\/?page_id=37","title":{"rendered":"Odkazy"},"content":{"rendered":"<p><a href=\"http:\/\/www.tranovice.cz\/hlavni-strana%5B51%5D-%5Bcz%5D-o-obci\" rel=\"attachment wp-att-294\"><img loading=\"lazy\" decoding=\"async\" class=\"size-full wp-image-294 aligncenter\" src=\"http:\/\/tranovice.knihovna.info\/wp-content\/uploads\/2016\/03\/erb_logo-t\u0159anovice.gif\" alt=\"erb_logo t\u0159anovice\" width=\"135\" height=\"146\" \/><\/a><\/p>\n<p><a href=\"http:\/\/zsamstranovice.webnode.cz\/\" rel=\"attachment wp-att-309\"><img loading=\"lazy\" decoding=\"async\" class=\"size-thumbnail wp-image-309 aligncenter\" src=\"http:\/\/tranovice.knihovna.info\/wp-content\/uploads\/2016\/03\/logo-\u0161koly-150x150.jpg\" alt=\"logo \u0161koly\" width=\"150\" height=\"150\" srcset=\"https:\/\/tranovice.knihovna.info\/wp-content\/uploads\/2016\/03\/logo-\u0161koly-150x150.jpg 150w, https:\/\/tranovice.knihovna.info\/wp-content\/uploads\/2016\/03\/logo-\u0161koly-768x775.jpg 768w, https:\/\/tranovice.knihovna.info\/wp-content\/uploads\/2016\/03\/logo-\u0161koly.jpg 945w\" sizes=\"auto, (max-width: 150px) 100vw, 150px\" \/><\/a><\/p>\n<p><a href=\"http:\/\/www.stonavka.cz\/hlavni-strana%5B290%5D-%5Bcz%5D-mikroregion\" rel=\"attachment wp-att-305\"><img loading=\"lazy\" decoding=\"async\" class=\"size-full wp-image-305 aligncenter\" src=\"http:\/\/tranovice.knihovna.info\/wp-content\/uploads\/2016\/03\/stonavka_logo.gif\" alt=\"stonavka_logo\" width=\"181\" height=\"107\" \/><\/a><\/p>\n<p><a href=\"http:\/\/www.hnojnik.knihovna.info\/\" rel=\"attachment wp-att-296\"><img loading=\"lazy\" decoding=\"async\" class=\"size-thumbnail wp-image-296 aligncenter\" src=\"http:\/\/tranovice.knihovna.info\/wp-content\/uploads\/2016\/03\/knihovna-Hnojn\u00edk-lep\u0161\u00ed-150x150.jpg\" alt=\"knihovna Hnojn\u00edk - lep\u0161\u00ed\" width=\"150\" height=\"150\" \/><\/a><\/p>\n<p><a href=\"http:\/\/beskydy.ochranaprirody.cz\/\" rel=\"attachment wp-att-295\"><img loading=\"lazy\" decoding=\"async\" class=\"size-thumbnail wp-image-295 aligncenter\" src=\"http:\/\/tranovice.knihovna.info\/wp-content\/uploads\/2016\/03\/CHKO-Beskydy-logo-150x150.jpg\" alt=\"CHKO Beskydy - logo\" width=\"150\" height=\"150\" srcset=\"https:\/\/tranovice.knihovna.info\/wp-content\/uploads\/2016\/03\/CHKO-Beskydy-logo-150x150.jpg 150w, https:\/\/tranovice.knihovna.info\/wp-content\/uploads\/2016\/03\/CHKO-Beskydy-logo-300x300.jpg 300w, https:\/\/tranovice.knihovna.info\/wp-content\/uploads\/2016\/03\/CHKO-Beskydy-logo.jpg 479w\" sizes=\"auto, (max-width: 150px) 100vw, 150px\" \/><\/a><\/p>\n<p><a href=\"http:\/\/www.svkos.cz\/\" rel=\"attachment wp-att-300\"><img loading=\"lazy\" decoding=\"async\" class=\"size-full wp-image-300 aligncenter\" src=\"http:\/\/tranovice.knihovna.info\/wp-content\/uploads\/2016\/03\/logo-MSVK.gif\" alt=\"logo MSVK\" width=\"125\" height=\"126\" \/><\/a><\/p>\n<p><a href=\"https:\/\/knihovnatrinec.cz\/\" rel=\"attachment wp-att-302\"><img loading=\"lazy\" decoding=\"async\" class=\"aligncenter wp-image-1211\" src=\"http:\/\/tranovice.knihovna.info\/wp-content\/uploads\/2018\/06\/logo-Knihovna-T\u0159inec-300x62.jpg\" alt=\"\" width=\"300\" height=\"62\" srcset=\"https:\/\/tranovice.knihovna.info\/wp-content\/uploads\/2018\/06\/logo-Knihovna-T\u0159inec-300x62.jpg 300w, https:\/\/tranovice.knihovna.info\/wp-content\/uploads\/2018\/06\/logo-Knihovna-T\u0159inec-768x159.jpg 768w, https:\/\/tranovice.knihovna.info\/wp-content\/uploads\/2018\/06\/logo-Knihovna-T\u0159inec-1024x211.jpg 1024w\" sizes=\"auto, (max-width: 300px) 100vw, 300px\" \/><\/a><\/p>\n<p><a href=\"https:\/\/www.nkp.cz\/\" rel=\"attachment wp-att-301\"><img loading=\"lazy\" decoding=\"async\" class=\"wp-image-301 aligncenter\" src=\"http:\/\/tranovice.knihovna.info\/wp-content\/uploads\/2016\/03\/narodni_knihovna_cr_logo_s_textem.jpg\" alt=\"narodni_knihovna_cr_logo_s_textem\" width=\"345\" height=\"128\" srcset=\"https:\/\/tranovice.knihovna.info\/wp-content\/uploads\/2016\/03\/narodni_knihovna_cr_logo_s_textem.jpg 851w, https:\/\/tranovice.knihovna.info\/wp-content\/uploads\/2016\/03\/narodni_knihovna_cr_logo_s_textem-300x111.jpg 300w, https:\/\/tranovice.knihovna.info\/wp-content\/uploads\/2016\/03\/narodni_knihovna_cr_logo_s_textem-768x284.jpg 768w\" sizes=\"auto, (max-width: 345px) 100vw, 345px\" \/><\/a><\/p>\n<p>&nbsp;<\/p>\n<p><a href=\"http:\/\/skipcr.cz\/\" rel=\"attachment wp-att-297\"><img loading=\"lazy\" decoding=\"async\" class=\"size-full wp-image-297 aligncenter\" src=\"http:\/\/tranovice.knihovna.info\/wp-content\/uploads\/2016\/03\/LOGO-skip.gif\" alt=\"LOGO - skip\" width=\"175\" height=\"100\" \/><\/a><\/p>\n<p>&nbsp;<\/p>\n<p><a href=\"http:\/\/www.pobeskydi.cz\/mas-pobeskydi\/\" rel=\"attachment wp-att-299\"><img loading=\"lazy\" decoding=\"async\" class=\"wp-image-299 aligncenter\" src=\"http:\/\/tranovice.knihovna.info\/wp-content\/uploads\/2016\/03\/Logo-mas.jpg\" alt=\"Logo mas\" width=\"306\" height=\"93\" srcset=\"https:\/\/tranovice.knihovna.info\/wp-content\/uploads\/2016\/03\/Logo-mas.jpg 740w, https:\/\/tranovice.knihovna.info\/wp-content\/uploads\/2016\/03\/Logo-mas-300x91.jpg 300w\" sizes=\"auto, (max-width: 306px) 100vw, 306px\" \/><\/a><\/p>\n<p>&nbsp;<\/p>\n<p>&nbsp;<\/p>\n<p><a href=\"http:\/\/ops.tranovice.org\/\" rel=\"attachment wp-att-303\"><img loading=\"lazy\" decoding=\"async\" class=\"size-full wp-image-303 aligncenter\" src=\"http:\/\/tranovice.knihovna.info\/wp-content\/uploads\/2016\/03\/ops_logo.jpg\" alt=\"ops_logo\" width=\"250\" height=\"79\" \/><\/a><\/p>\n<p>&nbsp;<\/p>\n<p><a href=\"http:\/\/sov.tranovice.org\/dokumenty%5B1409%5D-%5Bcz%5D-aktuality\" rel=\"attachment wp-att-304\"><img loading=\"lazy\" decoding=\"async\" class=\"wp-image-304 aligncenter\" src=\"http:\/\/tranovice.knihovna.info\/wp-content\/uploads\/2016\/03\/sov_logo.jpg\" alt=\"sov_logo\" width=\"174\" height=\"134\" \/><\/a><\/p>\n<p>&nbsp;<\/p>\n<p><a href=\"http:\/\/tispol.tranovice.org\/\" rel=\"attachment wp-att-306\"><img loading=\"lazy\" decoding=\"async\" class=\"wp-image-306 aligncenter\" src=\"http:\/\/tranovice.knihovna.info\/wp-content\/uploads\/2016\/03\/tispol_logo.gif\" alt=\"tispol_logo\" width=\"261\" height=\"77\" \/><\/a><\/p>\n<p>&nbsp;<\/p>\n<p><a href=\"http:\/\/www.megaknihy.cz\/\" rel=\"attachment wp-att-327\"><img loading=\"lazy\" decoding=\"async\" class=\"wp-image-327 aligncenter\" src=\"http:\/\/tranovice.knihovna.info\/wp-content\/uploads\/2016\/03\/logo-mega-knihy-knihomolka-blog.png\" alt=\"logo-mega-knihy-knihomolka-blog\" width=\"378\" height=\"66\" srcset=\"https:\/\/tranovice.knihovna.info\/wp-content\/uploads\/2016\/03\/logo-mega-knihy-knihomolka-blog.png 487w, https:\/\/tranovice.knihovna.info\/wp-content\/uploads\/2016\/03\/logo-mega-knihy-knihomolka-blog-300x52.png 300w\" sizes=\"auto, (max-width: 378px) 100vw, 378px\" \/><\/a><\/p>\n<p>&nbsp;<\/p>\n<p><a href=\"https:\/\/www.innogy.cz\"><img loading=\"lazy\" decoding=\"async\" class=\"size-thumbnail wp-image-927 aligncenter\" src=\"http:\/\/tranovice.knihovna.info\/wp-content\/uploads\/2012\/01\/logo_innogy-150x150.jpg\" alt=\"\" width=\"150\" height=\"150\" \/><\/a><\/p>\n<p><a href=\"https:\/\/www.msk.cz\/\"><img loading=\"lazy\" decoding=\"async\" class=\"aligncenter wp-image-1214 size-medium\" src=\"http:\/\/tranovice.knihovna.info\/wp-content\/uploads\/2018\/06\/Logo_MSK-300x92.jpg\" alt=\"\" width=\"300\" height=\"92\" srcset=\"https:\/\/tranovice.knihovna.info\/wp-content\/uploads\/2018\/06\/Logo_MSK-300x92.jpg 300w, https:\/\/tranovice.knihovna.info\/wp-content\/uploads\/2018\/06\/Logo_MSK-768x236.jpg 768w, https:\/\/tranovice.knihovna.info\/wp-content\/uploads\/2018\/06\/Logo_MSK-1024x314.jpg 1024w, https:\/\/tranovice.knihovna.info\/wp-content\/uploads\/2018\/06\/Logo_MSK.jpg 1772w\" sizes=\"auto, (max-width: 300px) 100vw, 300px\" \/><\/a><\/p>\n","protected":false},"excerpt":{"rendered":"<p>&nbsp; &nbsp; &nbsp; &nbsp; &nbsp; &nbsp; &nbsp; &nbsp;<\/p>\n","protected":false},"author":1,"featured_media":0,"parent":0,"menu_order":6,"comment_status":"closed","ping_status":"closed","template":"","meta":{"footnotes":""},"class_list":["post-37","page","type-page","status-publish","hentry"],"_links":{"self":[{"href":"https:\/\/tranovice.knihovna.info\/index.php?rest_route=\/wp\/v2\/pages\/37","targetHints":{"allow":["GET"]}}],"collection":[{"href":"https:\/\/tranovice.knihovna.info\/index.php?rest_route=\/wp\/v2\/pages"}],"about":[{"href":"https:\/\/tranovice.knihovna.info\/index.php?rest_route=\/wp\/v2\/types\/page"}],"author":[{"embeddable":true,"href":"https:\/\/tranovice.knihovna.info\/index.php?rest_route=\/wp\/v2\/users\/1"}],"replies":[{"embeddable":true,"href":"https:\/\/tranovice.knihovna.info\/index.php?rest_route=%2Fwp%2Fv2%2Fcomments&post=37"}],"version-history":[{"count":26,"href":"https:\/\/tranovice.knihovna.info\/index.php?rest_route=\/wp\/v2\/pages\/37\/revisions"}],"predecessor-version":[{"id":1215,"href":"https:\/\/tranovice.knihovna.info\/index.php?rest_route=\/wp\/v2\/pages\/37\/revisions\/1215"}],"wp:attachment":[{"href":"https:\/\/tranovice.knihovna.info\/index.php?rest_route=%2Fwp%2Fv2%2Fmedia&parent=37"}],"curies":[{"name":"wp","href":"https:\/\/api.w.org\/{rel}","templated":true}]}}