
{"id":23,"date":"2012-01-10T19:55:02","date_gmt":"2012-01-10T19:55:02","guid":{"rendered":"http:\/\/tranovice.knihovna.info\/?page_id=23"},"modified":"2026-04-20T08:30:42","modified_gmt":"2026-04-20T08:30:42","slug":"provozni-doba","status":"publish","type":"page","link":"https:\/\/tranovice.knihovna.info\/?page_id=23","title":{"rendered":"Provozn\u00ed doba"},"content":{"rendered":"<p>V\u00fdp\u016fj\u010dn\u00ed doba platn\u00e1 od 1.7.2017.<\/p>\n<table style=\"height: 218px;\" border=\"0\" width=\"611\">\n<tbody>\n<tr>\n<td colspan=\"2\" valign=\"middle\"><span style=\"color: #000000;\"><strong>Provozn\u00ed doba<\/strong><\/span><\/td>\n<\/tr>\n<tr>\n<td valign=\"middle\"><span style=\"color: #000000;\"><strong>Pond\u011bl\u00ed<\/strong><\/span><\/td>\n<td valign=\"middle\"><span style=\"color: #000000;\"><strong>10.00 &#8211; 16.00<\/strong><\/span><\/td>\n<\/tr>\n<tr>\n<td valign=\"middle\"><span style=\"color: #000000;\"><strong>\u010ctvrtek<\/strong><\/span><\/td>\n<td valign=\"middle\"><span style=\"color: #000000;\"><strong>12.00 &#8211; 17.00<\/strong><\/span><\/td>\n<\/tr>\n<tr>\n<td valign=\"middle\"><span style=\"color: #000000;\"><strong>P\u00e1tek<\/strong><\/span><\/td>\n<td valign=\"middle\"><span style=\"color: #000000;\"><strong>8.00 &#8211; 14.00<\/strong><\/span><\/td>\n<\/tr>\n<\/tbody>\n<\/table>\n\n\n<p><strong><mark style=\"background-color:rgba(0, 0, 0, 0)\" class=\"has-inline-color has-vivid-red-color\">Od pond\u011bl\u00ed 27. 4. 2026 &#8211; do p\u00e1tku 1. 5. 2026 bude knihovna zav\u0159ena.<\/mark><\/strong><\/p>\n\n\n\n<p><\/p>\n\n\n\n<p><\/p>\n\n\n\n<p><\/p>\n\n\n\n<p class=\"has-text-align-left\"><\/p>\n\n\n\n<p class=\"has-text-align-center\"><\/p>\n\n\n\n<p><\/p>\n","protected":false},"excerpt":{"rendered":"<p>V\u00fdp\u016fj\u010dn\u00ed doba platn\u00e1 od 1.7.2017. Provozn\u00ed doba Pond\u011bl\u00ed 10.00 &#8211; 16.00 \u010ctvrtek 12.00 &#8211; 17.00 P\u00e1tek 8.00 &#8211; 14.00 Od pond\u011bl\u00ed 27. 4. 2026 &#8211; do p\u00e1tku 1. 5. 2026 bude knihovna zav\u0159ena.<\/p>\n","protected":false},"author":1,"featured_media":0,"parent":0,"menu_order":4,"comment_status":"closed","ping_status":"closed","template":"","meta":{"footnotes":""},"class_list":["post-23","page","type-page","status-publish","hentry"],"_links":{"self":[{"href":"https:\/\/tranovice.knihovna.info\/index.php?rest_route=\/wp\/v2\/pages\/23","targetHints":{"allow":["GET"]}}],"collection":[{"href":"https:\/\/tranovice.knihovna.info\/index.php?rest_route=\/wp\/v2\/pages"}],"about":[{"href":"https:\/\/tranovice.knihovna.info\/index.php?rest_route=\/wp\/v2\/types\/page"}],"author":[{"embeddable":true,"href":"https:\/\/tranovice.knihovna.info\/index.php?rest_route=\/wp\/v2\/users\/1"}],"replies":[{"embeddable":true,"href":"https:\/\/tranovice.knihovna.info\/index.php?rest_route=%2Fwp%2Fv2%2Fcomments&post=23"}],"version-history":[{"count":270,"href":"https:\/\/tranovice.knihovna.info\/index.php?rest_route=\/wp\/v2\/pages\/23\/revisions"}],"predecessor-version":[{"id":4774,"href":"https:\/\/tranovice.knihovna.info\/index.php?rest_route=\/wp\/v2\/pages\/23\/revisions\/4774"}],"wp:attachment":[{"href":"https:\/\/tranovice.knihovna.info\/index.php?rest_route=%2Fwp%2Fv2%2Fmedia&parent=23"}],"curies":[{"name":"wp","href":"https:\/\/api.w.org\/{rel}","templated":true}]}}