
{"id":16,"date":"2012-01-10T19:51:03","date_gmt":"2012-01-10T19:51:03","guid":{"rendered":"http:\/\/tranovice.knihovna.info\/?page_id=16"},"modified":"2025-01-06T11:25:25","modified_gmt":"2025-01-06T11:25:25","slug":"knihovni-rad","status":"publish","type":"page","link":"https:\/\/tranovice.knihovna.info\/?page_id=16","title":{"rendered":"Knihovn\u00ed \u0159\u00e1d"},"content":{"rendered":"\n<p>Knihovn\u00ed \u0159\u00e1d m\u00edstn\u00ed knihovny T\u0159anovice<\/p>\n\n\n\n<p>V souladu se z\u0159izovac\u00ed listinou M\u00edstn\u00ed knihovny v T\u0159anovic\u00edch, schv\u00e1lenou zastupitelstvem obce usnesen\u00edm ze dne 17. 12. 2007 a podle \u00a7 4, odst. 7 z\u00e1kona \u010d. 257\/2001 Sb. (knihovn\u00ed z\u00e1kon), vyd\u00e1v\u00e1 tento knihovn\u00ed \u0159\u00e1d:<\/p>\n\n\n\n<p>Registrovan\u00fdm \u010dten\u00e1\u0159em knihovny se m\u016f\u017ee st\u00e1t ka\u017ed\u00fd ob\u010dan \u010cesk\u00e9 republiky, kter\u00fd se prok\u00e1\u017ee&nbsp;&nbsp; platn\u00fdm&nbsp;&nbsp; ob\u010dansk\u00fdm&nbsp;&nbsp; pr\u016fkazem&nbsp;&nbsp; nebo cizinec, kter\u00fd&nbsp; se&nbsp; prok\u00e1\u017ee cestovn\u00edm pasem a povolen\u00edm&nbsp; k&nbsp;pobytu&nbsp; v &nbsp;\u010cR&nbsp; a poskytne knihovn\u011b osobn\u00ed \u00fadaje: tj. jm\u00e9no, p\u0159\u00edjmen\u00ed, bydli\u0161t\u011b a datum narozen\u00ed. D\u011bti do 15 let se stanou u\u017eivatelem na z\u00e1klad\u011b p\u00edsemn\u00e9ho souhlasu z\u00e1konn\u00e9ho z\u00e1stupce. Tyto&nbsp; osobn\u00ed&nbsp; \u00fadaje&nbsp; bude&nbsp; knihovna&nbsp; zpracov\u00e1vat&nbsp; v&nbsp;souladu s&nbsp;Obecn\u00fdm na\u0159\u00edzen\u00edm o ochran\u011b osobn\u00edch \u00fadaj\u016f (EU) 2016\/679. Pou\u010den\u00ed o ochran\u011b osobn\u00edch \u00fadaj\u016f je p\u0159\u00edlohou tohoto knihovn\u00edho \u0159\u00e1du. Na z\u00e1klad\u011b vypln\u011bn\u00e9 p\u0159ihl\u00e1\u0161ky dostane \u010dten\u00e1\u0159 \u010dten\u00e1\u0159sk\u00fd pr\u016fkaz, kter\u00fd je nep\u0159enosn\u00fd. <strong>Sv\u00fdm podpisem na p\u0159ihl\u00e1\u0161ce \u010dten\u00e1\u0159 stvrzuje, \u017ee bude dodr\u017eovat ustanoven\u00ed knihovn\u00edho \u0159\u00e1du a pokyny pracovn\u00edka knihovny. U\u017eivatel\u00e9 jsou povinn\u00ed zachovat v&nbsp;prostor\u00e1ch knihovny klid a po\u0159\u00e1dek.<\/strong><\/p>\n\n\n\n<p>Na ciz\u00ed pr\u016fkaz si nelze dokumenty p\u016fj\u010dovat.<\/p>\n\n\n\n<p>Ztr\u00e1tu pr\u016fkazu mus\u00ed \u010dten\u00e1\u0159 ihned ohl\u00e1sit a za poplatek 10,- K\u010d mu bude vystaven nov\u00fd.<\/p>\n\n\n\n<p><strong><u>V\u00fdp\u016fj\u010dn\u00ed doba je u knih 2 m\u011bs\u00edce, u \u010dasopis\u016f 1 m\u011bs\u00edc<\/u><\/strong>.<\/p>\n\n\n\n<p>Po uplynut\u00ed t\u00e9to lh\u016fty je \u010dten\u00e1\u0159 povinen v\u0161echny zap\u016fj\u010den\u00e9 dokumenty vr\u00e1tit. Pokud knihy nestihne vr\u00e1tit, m\u016f\u017ee po\u017e\u00e1dat o prodlou\u017een\u00ed telefonicky na \u010d\u00edsle 558 272 022 \u2013 ve dnech:<\/p>\n\n\n\n<p><strong>pond\u011bl\u00ed: 10.00-16.00, \u010dtvrtek: 12.00-17.00 a p\u00e1tek: 8.00-14.00<\/strong>, nebo elektronickou po\u0161tou na adrese <a href=\"mailto:tranknihovna@centrum.cz\">tranknihovna@centrum.cz.<\/a><\/p>\n\n\n\n<p>Pokud u\u017eivatel nevr\u00e1t\u00ed v\u010das vyp\u016fj\u010den\u00e9 dokumenty, bude<strong> upozorn\u011bn upom\u00ednkou o vr\u00e1cen\u00ed dokument\u016f.<\/strong> Po \u010dty\u0159ech bezv\u00fdsledn\u00fdch upom\u00ednk\u00e1ch (z nich\u017e posledn\u00ed je doporu\u010den\u00fd dopis) n\u00e1sleduje vym\u00e1h\u00e1n\u00ed pr\u00e1vn\u00ed cestou. <strong>Poplatek z&nbsp;prodlen\u00ed je u\u017eivatel povinen zaplatit v&nbsp;nejbli\u017e\u0161\u00edm term\u00ednu po zasl\u00e1n\u00ed upom\u00ednky.<\/strong><\/p>\n\n\n\n<p>Knihy a informa\u010dn\u00ed prameny, kter\u00e9 nejsou k&nbsp;dispozici v&nbsp;knihovn\u011b, si m\u016f\u017ee \u010dten\u00e1\u0159 objednat prost\u0159ednictv\u00edm meziknihovn\u00ed v\u00fdp\u016fj\u010dn\u00ed slu\u017eby z&nbsp;kter\u00e9koliv jin\u00e9 knihovny <strong>za cenu po\u0161tovn\u00e9ho.<\/strong><\/p>\n\n\n\n<p>Knihovnice m\u016f\u017ee bez ud\u00e1n\u00ed d\u016fvodu zkr\u00e1tit v\u00fdp\u016fj\u010dn\u00ed lh\u016ftu; <strong>p\u0159i druh\u00e9 \u017e\u00e1dosti je u\u017eivatel povinen dokumenty p\u0159edlo\u017eit<\/strong>. Cenn\u00e9 encyklopedie, slovn\u00edkov\u00e9, jazykov\u00e9 a um\u011bleck\u00e9 publikace jsou p\u0159\u00edstupn\u00e9 jen v&nbsp;prostor\u00e1ch knihovny \u2013 prezen\u010dn\u011b se p\u016fj\u010duj\u00ed jen na zvl\u00e1\u0161tn\u00ed p\u00edsemnou stvrzenku.<\/p>\n\n\n\n<p><strong>Za zap\u016fj\u010den\u00ed tematick\u00e9ho kuf\u0159\u00edku u\u017eivatel zaplat\u00ed vratnou z\u00e1lohu 200,- K\u010d<\/strong>. U\u017eivatel ru\u010d\u00ed osobn\u011b za p\u016fj\u010den\u00e9 dokumenty a nesm\u00ed je p\u016fj\u010dovat dal\u0161\u00edm osob\u00e1m. <strong>Po\u0161kozen\u00e9 a ztracen\u00e9 dokumenty je u\u017eivatel povinen uhradit v&nbsp;po\u0159izovac\u00ed cen\u011b + poplatek za vy\u0159azen\u00ed, kter\u00fd je u knih 80,- K\u010d, u \u010dasopis\u016f 30,- K\u010d.<\/strong> Zji\u0161t\u011bn\u00e1 po\u0161kozen\u00ed jsou u\u017eivatel\u00e9 povinni ohl\u00e1sit v&nbsp;knihovn\u011b p\u0159ed zap\u016fj\u010den\u00edm, jinak za n\u011b sami odpov\u00eddaj\u00ed a bude po nich po\u017eadov\u00e1na n\u00e1hrada.<\/p>\n\n\n\n<p>Jestli\u017ee se p\u016fj\u010den\u00e9 dokumenty dostanou do styku s&nbsp;osobami s&nbsp;naka\u017elivou nemoc\u00ed je toto nutn\u00e9 v&nbsp;knihovn\u011b nahl\u00e1sit a postarat se o jejich dezinfekci nebo uhradit n\u00e1klady s&nbsp;t\u00edm spojen\u00e9.<\/p>\n\n\n\n<p><strong>N\u00e1v\u0161t\u011bvn\u00edci mohou&nbsp; \u00fastn\u011b, p\u00edsemn\u011b, telefonicky nebo e-mailem vzn\u00e1\u0161et p\u0159ipom\u00ednky, st\u00ed\u017enosti, doporu\u010den\u00ed a p\u0159\u00e1n\u00ed t\u00fdkaj\u00edc\u00ed se provozu knihovny a jej\u00edch slu\u017eeb \u010dten\u00e1\u0159\u016fm<\/strong>. Hrub\u00e9 nebo soustavn\u00e9 poru\u0161ov\u00e1n\u00ed knihovn\u00edho \u0159\u00e1du oprav\u0148uje pracovn\u00edky knihovny k&nbsp;do\u010dasn\u00e9mu nebo trval\u00e9mu odebr\u00e1n\u00ed pr\u00e1v pou\u017e\u00edvat slu\u017eeb knihovny.<\/p>\n\n\n\n<p>U\u017eivatel je povinen pou\u017e\u00edvat v&nbsp;knihovn\u011b pouze programov\u00e9 vybaven\u00ed, kter\u00e9 mu knihovna poskytuje. Je zak\u00e1z\u00e1no kop\u00edrovat a distribuovat \u010d\u00e1sti opera\u010dn\u00edho syst\u00e9mu knihovny. U\u017eivatel nese plnou odpov\u011bdnost za sv\u00e9 p\u0159\u00edpadn\u00e9 z\u00e1sahy do konfigurace po\u010d\u00edta\u010de, kter\u00e9 by ovlivnily provoz po\u010d\u00edta\u010de, d\u00e1le je odpov\u011bdn\u00fd za \u0161kody vznikl\u00e9 neodbornou manipulac\u00ed s&nbsp;prost\u0159edky v\u00fdpo\u010detn\u00ed techniky v\u010detn\u011b \u0161kod zp\u016fsoben\u00fdch j\u00edm zanesen\u00fdmi po\u010d\u00edta\u010dov\u00fdmi viry.<\/p>\n\n\n\n<p><strong>Zvl\u00e1\u0161tn\u00ed p\u0159\u00edlohu tvo\u0159\u00ed cen\u00edk slu\u017eeb knihovny a sank\u010dn\u00ed poplatky za nedodr\u017een\u00ed v\u00fdp\u016fj\u010dn\u00edch lh\u016ft, a pou\u010den\u00ed o ochran\u011b osobn\u00edch \u00fadaj\u016f, kter\u00e9 pr\u016fb\u011b\u017en\u011b schvaluje rada obce T\u0159anovice.<\/strong><\/p>\n\n\n\n<p><strong>V T\u0159anovic\u00edch 16. 12. 2024<\/strong><\/p>\n\n\n\n<h2 class=\"wp-block-heading\">&nbsp;<\/h2>\n\n\n\n<h2 class=\"wp-block-heading\">&nbsp;<\/h2>\n\n\n\n<h2 class=\"wp-block-heading\">&nbsp;<\/h2>\n\n\n\n<h2 class=\"wp-block-heading\">P\u0159\u00edloha&nbsp; ke&nbsp; knihovn\u00edmu&nbsp; \u0159\u00e1du&nbsp; M\u00edstn\u00ed&nbsp; knihovny&nbsp; T\u0159anovice<\/h2>\n\n\n\n<p>Knihovna \u00fa\u010dtuje \u010dten\u00e1\u0159\u016fm tyto nezbytn\u00e9 \u00fahrady:<\/p>\n\n\n\n<p>Ro\u010dn\u00ed registra\u010dn\u00ed poplatek<strong>&nbsp;&nbsp;&nbsp;&nbsp; dosp\u011bl\u00ed&nbsp; (15-100 let)&nbsp;&nbsp;&nbsp;&nbsp;&nbsp;&nbsp; 100,-&nbsp; K\u010d<\/strong><\/p>\n\n\n\n<p><strong>&nbsp;&nbsp;&nbsp;&nbsp;&nbsp;&nbsp;&nbsp;&nbsp;&nbsp;&nbsp;&nbsp;&nbsp;&nbsp;&nbsp;&nbsp;&nbsp;&nbsp;&nbsp;&nbsp;&nbsp;&nbsp;&nbsp;&nbsp;&nbsp;&nbsp;&nbsp;&nbsp;&nbsp;&nbsp;&nbsp;&nbsp;&nbsp;&nbsp;&nbsp;&nbsp;&nbsp;&nbsp;&nbsp;&nbsp;&nbsp;&nbsp;&nbsp;&nbsp;&nbsp;&nbsp;&nbsp;&nbsp;&nbsp; d\u011bti&nbsp;&nbsp; (8-14 let)&nbsp;&nbsp;&nbsp;&nbsp;&nbsp;&nbsp;&nbsp;&nbsp;&nbsp;&nbsp;&nbsp;&nbsp;&nbsp;&nbsp;&nbsp; 50,-&nbsp; K\u010d<\/strong><\/p>\n\n\n\n<p><strong>&nbsp;&nbsp;&nbsp;&nbsp;&nbsp;&nbsp;&nbsp;&nbsp;&nbsp;&nbsp;&nbsp;&nbsp;&nbsp;&nbsp;&nbsp;&nbsp;&nbsp;&nbsp;&nbsp;&nbsp;&nbsp;&nbsp;&nbsp;&nbsp;&nbsp;&nbsp;&nbsp;&nbsp;&nbsp;&nbsp; &nbsp;&nbsp;&nbsp;&nbsp;&nbsp;&nbsp;&nbsp;&nbsp;&nbsp;&nbsp;&nbsp;&nbsp;&nbsp;&nbsp;&nbsp;&nbsp;&nbsp;&nbsp;d\u011bti (0-7)&nbsp;&nbsp;&nbsp;&nbsp;&nbsp;&nbsp;&nbsp;&nbsp;&nbsp;&nbsp;&nbsp;&nbsp;&nbsp;&nbsp;&nbsp;&nbsp;&nbsp;&nbsp;&nbsp;&nbsp;&nbsp;&nbsp;&nbsp;&nbsp;&nbsp;&nbsp; 0,- K\u010d<\/strong><\/p>\n\n\n\n<p>Jednor\u00e1zov\u00fd&nbsp; registra\u010dn\u00ed&nbsp; poplatek<strong>&nbsp; &nbsp;&nbsp;&nbsp;&nbsp;&nbsp;&nbsp;&nbsp;&nbsp;&nbsp;&nbsp;&nbsp;&nbsp;&nbsp;&nbsp;&nbsp;&nbsp;&nbsp;&nbsp;&nbsp;&nbsp;&nbsp;&nbsp;&nbsp;&nbsp;&nbsp;&nbsp;&nbsp;&nbsp;&nbsp;&nbsp;&nbsp;30,- K\u010d<\/strong><\/p>\n\n\n\n<p>Nov\u00fd \u010dten\u00e1\u0159sk\u00fd pr\u016fkaz<strong> \u2013 <\/strong>p\u0159i ztr\u00e1t\u011b<strong>&nbsp;&nbsp;&nbsp;&nbsp;&nbsp;&nbsp;&nbsp;&nbsp;&nbsp;&nbsp;&nbsp;&nbsp;&nbsp;&nbsp;&nbsp;&nbsp;&nbsp;&nbsp;&nbsp;&nbsp;&nbsp;&nbsp;&nbsp;&nbsp;&nbsp;&nbsp;&nbsp;&nbsp;&nbsp;&nbsp;&nbsp; 10,- K\u010d<\/strong><\/p>\n\n\n\n<p>P\u00edsemn\u00e9 upomenut\u00ed v\u017edy po 4 t\u00fddnech:<\/p>\n\n\n\n<p><strong>&nbsp;&nbsp;&nbsp;&nbsp;&nbsp;&nbsp;&nbsp;&nbsp;&nbsp;&nbsp;&nbsp;&nbsp;&nbsp;&nbsp;&nbsp;&nbsp;&nbsp;&nbsp;&nbsp;&nbsp;&nbsp;&nbsp;&nbsp;&nbsp;&nbsp;&nbsp;&nbsp;&nbsp;&nbsp;&nbsp;&nbsp;&nbsp; 1. upom\u00ednka&nbsp;&nbsp;&nbsp;&nbsp;&nbsp;&nbsp;&nbsp;&nbsp;&nbsp;&nbsp;&nbsp;&nbsp;&nbsp;&nbsp;&nbsp;&nbsp;&nbsp;&nbsp; 15,-&nbsp; K\u010d<\/strong><\/p>\n\n\n\n<p><strong>&nbsp;&nbsp;&nbsp;&nbsp;&nbsp;&nbsp;&nbsp;&nbsp;&nbsp;&nbsp;&nbsp;&nbsp;&nbsp;&nbsp;&nbsp;&nbsp;&nbsp;&nbsp;&nbsp;&nbsp;&nbsp;&nbsp;&nbsp;&nbsp;&nbsp;&nbsp;&nbsp;&nbsp;&nbsp;&nbsp;&nbsp;&nbsp; 2. upom\u00ednka&nbsp;&nbsp;&nbsp;&nbsp;&nbsp;&nbsp;&nbsp;&nbsp;&nbsp;&nbsp;&nbsp;&nbsp;&nbsp;&nbsp;&nbsp;&nbsp;&nbsp;&nbsp; 20,-&nbsp; K\u010d<\/strong><\/p>\n\n\n\n<p><strong>&nbsp;&nbsp;&nbsp;&nbsp;&nbsp;&nbsp;&nbsp;&nbsp;&nbsp;&nbsp;&nbsp;&nbsp;&nbsp;&nbsp;&nbsp;&nbsp;&nbsp;&nbsp;&nbsp;&nbsp;&nbsp;&nbsp;&nbsp;&nbsp;&nbsp;&nbsp;&nbsp;&nbsp;&nbsp;&nbsp;&nbsp;&nbsp; 3. upom\u00ednka&nbsp;&nbsp;&nbsp;&nbsp;&nbsp;&nbsp;&nbsp;&nbsp;&nbsp;&nbsp;&nbsp;&nbsp;&nbsp;&nbsp;&nbsp;&nbsp;&nbsp;&nbsp; 30,-&nbsp; K\u010d<\/strong><\/p>\n\n\n\n<p><strong>&nbsp;&nbsp;&nbsp;&nbsp;&nbsp;&nbsp;&nbsp;&nbsp;&nbsp;&nbsp;&nbsp;&nbsp;&nbsp;&nbsp;&nbsp;&nbsp;&nbsp;&nbsp;&nbsp;&nbsp;&nbsp; doporu\u010den\u00fd dopis&nbsp;&nbsp;&nbsp;&nbsp;&nbsp;&nbsp;&nbsp;&nbsp;&nbsp;&nbsp;&nbsp;&nbsp;&nbsp;&nbsp;&nbsp;&nbsp;&nbsp;&nbsp; &nbsp;&nbsp;50,-&nbsp; K\u010d<\/strong><\/p>\n\n\n\n<p>Za ztr\u00e1tu knihy<strong>&nbsp;&nbsp;&nbsp; &#8211;&nbsp;&nbsp;&nbsp; po\u0159izovac\u00ed cena &nbsp;+&nbsp; 80,-&nbsp; K\u010d<\/strong><\/p>\n\n\n\n<p>Za ztr\u00e1tu \u010dasopisu<strong>&nbsp;&nbsp; &#8211; po\u0159izovac\u00ed cena &nbsp;+&nbsp; 30,-&nbsp; K\u010d<\/strong><\/p>\n\n\n\n<p><strong><u>Laminov\u00e1n\u00ed<\/u><\/strong><\/p>\n\n\n\n<p><strong>A4&nbsp;&nbsp; &#8211;&nbsp;&nbsp; 15,- K\u010d<\/strong><\/p>\n\n\n\n<p><strong>A5&nbsp;&nbsp; &#8211;&nbsp;&nbsp;&nbsp; 8,- K\u010d<\/strong><\/p>\n\n\n\n<p><strong>Pou\u010den\u00ed o ochran\u011b osobn\u00edch \u00fadaj\u016f<\/strong><\/p>\n\n\n\n<p>Spr\u00e1vcem osobn\u00edch \u00fadaj\u016f u\u017eivatel\u016f knihovny je M\u00edstn\u00ed knihovna T\u0159anovice \u010d.p. 92 (d\u00e1le jen knihovna)<\/p>\n\n\n\n<p>Knihovna zpracov\u00e1v\u00e1 osobn\u00ed \u00fadaje registrovan\u00fdch u\u017eivatel\u016f v&nbsp;tomto rozsahu:<\/p>\n\n\n\n<p>Povinn\u00e9 identifika\u010dn\u00ed \u00fadaje: <strong>jm\u00e9no, p\u0159\u00edjmen\u00ed, datum narozen\u00ed, adresa trval\u00e9ho pobytu,<\/strong><\/p>\n\n\n\n<p>Nepovinn\u00e9 kontaktn\u00ed \u00fadaje:<strong> doru\u010dovac\u00ed adresa, telefon, e-mail<\/strong><\/p>\n\n\n\n<p>Slu\u017eebn\u00ed \u00fadaje: <strong>\u010d\u00edslo \u010dten\u00e1\u0159sk\u00e9ho pr\u016fkazu, p\u0159ehled v\u00fdp\u016fj\u010dek v\u010detn\u011b historie, p\u0159ehled rezervac\u00ed, upom\u00edn\u00e1n\u00ed<\/strong><\/p>\n\n\n\n<p>\u00da\u010detn\u00ed \u00fadaje <strong>o proveden\u00fdch<\/strong> <strong>pen\u011b\u017eit\u00fdch transakc\u00edch, zejm\u00e9na o jejich \u00fa\u010delu, m\u00edst\u011b, \u010dase a dal\u0161\u00edch n\u00e1le\u017eitostech.<\/strong><\/p>\n\n\n\n<p><strong>D\u00e1le knihovna uchov\u00e1v\u00e1 identifika\u010dn\u00ed \u00fadaje z\u00e1konn\u00e9ho z\u00e1stupce, je-li registrovan\u00fd u\u017eivatel mlad\u0161\u00ed 15 let.<\/strong><\/p>\n\n\n\n<p>Registrovan\u00fd u\u017eivatel ozn\u00e1m\u00ed knihovn\u011b p\u0159\u00edpadn\u00e9 zm\u011bny identifika\u010dn\u00edch a kontaktn\u00edch osobn\u00edch \u00fadaj\u016f bez zbyte\u010dn\u00e9ho odkladu.<\/p>\n\n\n\n<p>Knihovna zpracov\u00e1v\u00e1 osobn\u00ed \u00fadaje za \u00fa\u010delem poskytov\u00e1n\u00ed knihovnick\u00fdch, informa\u010dn\u00edch a dal\u0161\u00edch slu\u017eeb u\u017eivatel\u016fm, informov\u00e1n\u00ed u\u017eivatel\u016f o slu\u017eb\u00e1ch a d\u00e1le za \u00fa\u010delem ochrany majetku a knihovn\u00edho fondu. Kontaktn\u00ed \u00fadaje vyu\u017e\u00edv\u00e1 knihovna za \u00fa\u010delem lep\u0161\u00ed komunikace s&nbsp;u\u017eivatelem, u\u017eivatel nen\u00ed povinen tyto \u00fadaje uv\u00e9st.<\/p>\n\n\n\n<p><strong>Pr\u00e1va u\u017eivatel\u016f jako subjekt\u016f osobn\u00edch \u00fadaj\u016f<\/strong><\/p>\n\n\n\n<p>U\u017eivatel m\u00e1 pr\u00e1vo na p\u0159\u00edstup k&nbsp;osobn\u00edm \u00fadaj\u016fm, jejich opravu nebo v\u00fdmaz, pop\u0159\u00edpad\u011b omezen\u00ed zpracov\u00e1n\u00ed a pr\u00e1vo vzn\u00e9st n\u00e1mitku proti zpracov\u00e1n\u00ed. Knihovna registrovan\u00e9mu u\u017eivateli na jeho \u017e\u00e1dost poskytne kopii zpracov\u00e1van\u00fdch osobn\u00edch \u00fadaj\u016f, p\u0159\u00edpadn\u011b umo\u017en\u00ed n\u00e1hled do p\u0159ihl\u00e1\u0161ky \u010dten\u00e1\u0159e a dal\u0161\u00edch doklad\u016f u n\u00ed ulo\u017een\u00fdch. \u017d\u00e1dosti u\u017eivatel\u016f t\u00fdkaj\u00edc\u00ed se ochrany osobn\u00edch \u00fadaj\u016f knihovna vy\u0159izuje bez zbyte\u010dn\u00e9ho odkladu, nejpozd\u011bji do jednoho m\u011bs\u00edce od obdr\u017een\u00ed \u017e\u00e1dosti.<\/p>\n\n\n\n<p><strong>Doba uchov\u00e1n\u00ed osobn\u00edch \u00fadaj\u016f<\/strong><\/p>\n\n\n\n<p>Knihovna uchov\u00e1v\u00e1 osobn\u00ed \u00fadaje registrovan\u00fdch u\u017eivatel\u016f po dobu registrace a jeden rok pot\u00e9. <strong>Registrovan\u00fd u\u017eivatel m\u016f\u017ee po\u017e\u00e1dat o likvidaci sv\u00fdch osobn\u00edch \u00fadaj\u016f,<\/strong> <strong>pokud nem\u00e1 v\u016f\u010di knihovn\u011b \u017e\u00e1dn\u00fd dluh<\/strong> <strong>a nep\u0159eje si nad\u00e1le vyu\u017e\u00edvat jej\u00edch slu\u017eeb<\/strong>. Osobn\u00ed \u00fadaje v&nbsp;po\u010d\u00edta\u010dov\u00fdch datab\u00e1z\u00edch jsou likvidov\u00e1ny vymaz\u00e1n\u00edm identifika\u010dn\u00edch \u00fadaj\u016f (anonymizace). Osobn\u00ed \u00fadaje v&nbsp;listinn\u00e9 podob\u011b jsou likvidov\u00e1ny dle Spisov\u00e9ho a skarta\u010dn\u00edho \u0159\u00e1du Obce T\u0159anovice.<\/p>\n\n\n\n<p><strong>Zabezpe\u010den\u00ed osobn\u00edch \u00fadaj\u016f<\/strong><\/p>\n\n\n\n<p>P\u00edsemnosti jsou uchov\u00e1v\u00e1ny tak, aby byl zamezen p\u0159\u00edstup nepovolan\u00fdch osob obvykl\u00fdmi prost\u0159edky. P\u0159\u00edstup k&nbsp;t\u011bmto p\u00edsemnostem je omezen pouze na zam\u011bstnance, kte\u0159\u00ed s&nbsp;nimi pracuj\u00ed v&nbsp;r\u00e1mci sv\u00fdch pracovn\u00edch \u00fakol\u016f. Osobn\u00ed \u00fadaje knihovna uchov\u00e1v\u00e1 v&nbsp;po\u010d\u00edta\u010dov\u00e9 datab\u00e1zi syst\u00e9mu Clavius.<\/p>\n\n\n\n<p><strong>Dal\u0161\u00ed informace<\/strong><\/p>\n\n\n\n<p>Knihovna zpracov\u00e1v\u00e1 osobn\u00ed \u00fadaje na z\u00e1klad\u011b smlouvy o poskytov\u00e1n\u00ed slu\u017eeb, kterou s&nbsp;u\u017eivatelem uzav\u0159ela p\u0159ijet\u00edm jeho p\u0159ihl\u00e1\u0161ky do knihovny, a v&nbsp;souladu s&nbsp;Obecn\u00fdm na\u0159\u00edzen\u00edm o ochran\u011b osobn\u00edch \u00fadaj\u016f (EU) 2016\/679, zn\u00e1m\u00e9m jako GDPR.<\/p>\n\n\n\n<p>Dohled nad ochranou osobn\u00edch \u00fadaj\u016f vykon\u00e1v\u00e1 \u00da\u0159ad pro ochranu osobn\u00edch \u00fadaj\u016f, na kter\u00fd se m\u016f\u017eete obr\u00e1tit v&nbsp;p\u0159\u00edpad\u011b st\u00ed\u017enosti. <strong>Budeme v\u0161ak r\u00e1di, pokud se s&nbsp;podn\u011btem ohledn\u011b sv\u00fdch osobn\u00edch \u00fadaj\u016f obr\u00e1t\u00edte nejprve na n\u00e1s: Obec T\u0159anovice, T\u0159anovice 250, 739 53; <a href=\"mailto:urad@tranovice.cz\">urad@tranovice.cz<\/a><\/strong><\/p>\n","protected":false},"excerpt":{"rendered":"<p>Knihovn\u00ed \u0159\u00e1d m\u00edstn\u00ed knihovny T\u0159anovice V souladu se z\u0159izovac\u00ed listinou M\u00edstn\u00ed knihovny v T\u0159anovic\u00edch, schv\u00e1lenou zastupitelstvem obce usnesen\u00edm ze dne 17. 12. 2007 a podle \u00a7 4, odst. 7 z\u00e1kona \u010d. 257\/2001 Sb. (knihovn\u00ed z\u00e1kon), vyd\u00e1v\u00e1 tento knihovn\u00ed \u0159\u00e1d: Registrovan\u00fdm \u010dten\u00e1\u0159em knihovny se m\u016f\u017ee st\u00e1t ka\u017ed\u00fd ob\u010dan \u010cesk\u00e9 republiky, kter\u00fd se prok\u00e1\u017ee&nbsp;&nbsp; platn\u00fdm&nbsp;&nbsp; ob\u010dansk\u00fdm&nbsp;&nbsp; pr\u016fkazem&nbsp;&nbsp; [&hellip;]<\/p>\n","protected":false},"author":1,"featured_media":0,"parent":0,"menu_order":3,"comment_status":"closed","ping_status":"closed","template":"","meta":{"footnotes":""},"class_list":["post-16","page","type-page","status-publish","hentry"],"_links":{"self":[{"href":"https:\/\/tranovice.knihovna.info\/index.php?rest_route=\/wp\/v2\/pages\/16","targetHints":{"allow":["GET"]}}],"collection":[{"href":"https:\/\/tranovice.knihovna.info\/index.php?rest_route=\/wp\/v2\/pages"}],"about":[{"href":"https:\/\/tranovice.knihovna.info\/index.php?rest_route=\/wp\/v2\/types\/page"}],"author":[{"embeddable":true,"href":"https:\/\/tranovice.knihovna.info\/index.php?rest_route=\/wp\/v2\/users\/1"}],"replies":[{"embeddable":true,"href":"https:\/\/tranovice.knihovna.info\/index.php?rest_route=%2Fwp%2Fv2%2Fcomments&post=16"}],"version-history":[{"count":16,"href":"https:\/\/tranovice.knihovna.info\/index.php?rest_route=\/wp\/v2\/pages\/16\/revisions"}],"predecessor-version":[{"id":3927,"href":"https:\/\/tranovice.knihovna.info\/index.php?rest_route=\/wp\/v2\/pages\/16\/revisions\/3927"}],"wp:attachment":[{"href":"https:\/\/tranovice.knihovna.info\/index.php?rest_route=%2Fwp%2Fv2%2Fmedia&parent=16"}],"curies":[{"name":"wp","href":"https:\/\/api.w.org\/{rel}","templated":true}]}}